{"id":6,"date":"2021-06-03T14:20:44","date_gmt":"2021-06-03T12:20:44","guid":{"rendered":"http:\/\/192.168.0.78\/?page_id=6"},"modified":"2025-11-03T07:25:59","modified_gmt":"2025-11-03T06:25:59","slug":"ueber-uns","status":"publish","type":"page","link":"https:\/\/www.regio-big-band.de\/?page_id=6","title":{"rendered":"\u00dcber uns"},"content":{"rendered":"\n<div class=\"wp-block-columns is-layout-flex wp-container-core-columns-is-layout-9d6595d7 wp-block-columns-is-layout-flex\">\n<div class=\"wp-block-column is-layout-flow wp-block-column-is-layout-flow\" style=\"flex-basis:33.33%\">\n<figure class=\"wp-block-image size-large\"><img loading=\"lazy\" decoding=\"async\" width=\"1024\" height=\"1024\" src=\"https:\/\/www.regio-big-band.de\/wp-content\/uploads\/2021\/06\/RBB-Logo-square-1024x1024.png\" alt=\"Regio Big Band - Logo\" class=\"wp-image-24\" srcset=\"https:\/\/www.regio-big-band.de\/wp-content\/uploads\/2021\/06\/RBB-Logo-square-1024x1024.png 1024w, https:\/\/www.regio-big-band.de\/wp-content\/uploads\/2021\/06\/RBB-Logo-square-300x300.png 300w, https:\/\/www.regio-big-band.de\/wp-content\/uploads\/2021\/06\/RBB-Logo-square-150x150.png 150w, https:\/\/www.regio-big-band.de\/wp-content\/uploads\/2021\/06\/RBB-Logo-square-768x768.png 768w, https:\/\/www.regio-big-band.de\/wp-content\/uploads\/2021\/06\/RBB-Logo-square-1536x1536.png 1536w, https:\/\/www.regio-big-band.de\/wp-content\/uploads\/2021\/06\/RBB-Logo-square-1200x1200.png 1200w, https:\/\/www.regio-big-band.de\/wp-content\/uploads\/2021\/06\/RBB-Logo-square.png 1920w\" sizes=\"auto, (max-width: 767px) 89vw, (max-width: 1000px) 54vw, (max-width: 1071px) 543px, 580px\" \/><\/figure>\n<\/div>\n\n\n\n<div class=\"wp-block-column is-layout-flow wp-block-column-is-layout-flow\" style=\"flex-basis:66.66%\">\n<p class=\"w-100\" style=\"font-size:16px\">Die Band wurde vor \u00fcber 30 Jahren in der Stadt Baesweiler im Raum Aachen gegr\u00fcndet und besteht heute aus ca. 20 Musikern jeden Alters &#8211; vom ambitionierten Amateur bis zum Profi.<br>Seit 1993 sind wir ein eingetragener Verein, der sich der gemeinn\u00fctzigen Pflege von Kultur und Musik verschrieben hat.<\/p>\n\n\n\n<p style=\"font-size:16px\">Das inzwischen stattliche Repertoire reicht mit ca. 500 St\u00fccken vom klassischen Swing bis zu aktuellen Pop-Hits, die wir auch heute noch mit freundlicher Unterst\u00fctzung der Stadt Baesweiler im Raum Aachen proben und auff\u00fchren.<\/p>\n<\/div>\n<\/div>\n","protected":false},"excerpt":{"rendered":"<p>Die Band wurde vor \u00fcber 30 Jahren in der Stadt Baesweiler im Raum Aachen gegr\u00fcndet und besteht heute aus ca. 20 Musikern jeden Alters &#8211; vom ambitionierten Amateur bis zum Profi.Seit 1993 sind wir ein eingetragener Verein, der sich der gemeinn\u00fctzigen Pflege von Kultur und Musik verschrieben hat. Das inzwischen stattliche Repertoire reicht mit ca. &hellip; <\/p>\n<p class=\"link-more\"><a href=\"https:\/\/www.regio-big-band.de\/?page_id=6\" class=\"more-link\"><span class=\"screen-reader-text\">\u201e\u00dcber uns\u201c <\/span>weiterlesen<\/a><\/p>\n","protected":false},"author":1,"featured_media":0,"parent":0,"menu_order":0,"comment_status":"closed","ping_status":"closed","template":"","meta":{"footnotes":""},"class_list":["post-6","page","type-page","status-publish","hentry"],"_links":{"self":[{"href":"https:\/\/www.regio-big-band.de\/index.php?rest_route=\/wp\/v2\/pages\/6","targetHints":{"allow":["GET"]}}],"collection":[{"href":"https:\/\/www.regio-big-band.de\/index.php?rest_route=\/wp\/v2\/pages"}],"about":[{"href":"https:\/\/www.regio-big-band.de\/index.php?rest_route=\/wp\/v2\/types\/page"}],"author":[{"embeddable":true,"href":"https:\/\/www.regio-big-band.de\/index.php?rest_route=\/wp\/v2\/users\/1"}],"replies":[{"embeddable":true,"href":"https:\/\/www.regio-big-band.de\/index.php?rest_route=%2Fwp%2Fv2%2Fcomments&post=6"}],"version-history":[{"count":17,"href":"https:\/\/www.regio-big-band.de\/index.php?rest_route=\/wp\/v2\/pages\/6\/revisions"}],"predecessor-version":[{"id":429,"href":"https:\/\/www.regio-big-band.de\/index.php?rest_route=\/wp\/v2\/pages\/6\/revisions\/429"}],"wp:attachment":[{"href":"https:\/\/www.regio-big-band.de\/index.php?rest_route=%2Fwp%2Fv2%2Fmedia&parent=6"}],"curies":[{"name":"wp","href":"https:\/\/api.w.org\/{rel}","templated":true}]}}