{"id":53,"date":"2021-06-20T15:56:37","date_gmt":"2021-06-20T13:56:37","guid":{"rendered":"https:\/\/neu.regio-big-band.de\/?page_id=53"},"modified":"2023-02-25T10:19:17","modified_gmt":"2023-02-25T09:19:17","slug":"impressum","status":"publish","type":"page","link":"https:\/\/www.regio-big-band.de\/?page_id=53","title":{"rendered":"Impressum"},"content":{"rendered":"\n<p><strong>Angaben gem\u00e4\u00df \u00a7 5 TMG<\/strong><br>Musikinitiative Grenzland e. V.<br>Friedensstra\u00dfe 11c<br>52531 \u00dcbach-Palenberg<\/p>\n\n\n\n<p>Eintragung im Vereinsregister<br>Registergericht: Amtsgericht Aachen<br>Registernummer: VR 3009<\/p>\n\n\n\n<p>Vertreten durch:<br>Philipp Dre\u00dfen<br>Gabriele Ossendorf<\/p>\n\n\n\n<p><strong>Kontakt<\/strong><br>E-Mail: info@regio-big-band.de<br>Telefon: +49 (0) 1577 4579993<\/p>\n\n\n\n<p><strong>Redaktionell verantwortlich<\/strong><br>Philipp Dre\u00dfen<\/p>\n\n\n\n<p><strong>K\u00f6rperschaftsteuer<\/strong><br>Die K\u00f6rperschaft ist nach \u00a7 5 Absatz 1 Nr. 9 KStG von der K\u00f6rperschaftsteuer befreit, weil sie ausschlie\u00dflich und unmittelbar steuerbeg\u00fcnstigten gemeinn\u00fctzigen Zwecken im Sinne der \u00a7\u00a7 51 ff. AO dient.<\/p>\n\n\n\n<p><strong>Verbraucherstreitbeilegung\/Universalschlichtungsstelle<\/strong><br>Wir sind nicht bereit oder verpflichtet, an Streitbeilegungsverfahren vor einer<br>Verbraucherschlichtungsstelle teilzunehmen.<\/p>\n","protected":false},"excerpt":{"rendered":"<p>Angaben gem\u00e4\u00df \u00a7 5 TMGMusikinitiative Grenzland e. V.Friedensstra\u00dfe 11c52531 \u00dcbach-Palenberg Eintragung im VereinsregisterRegistergericht: Amtsgericht AachenRegisternummer: VR 3009 Vertreten durch:Philipp Dre\u00dfenGabriele Ossendorf KontaktE-Mail: info@regio-big-band.deTelefon: +49 (0) 1577 4579993 Redaktionell verantwortlichPhilipp Dre\u00dfen K\u00f6rperschaftsteuerDie K\u00f6rperschaft ist nach \u00a7 5 Absatz 1 Nr. 9 KStG von der K\u00f6rperschaftsteuer befreit, weil sie ausschlie\u00dflich und unmittelbar steuerbeg\u00fcnstigten gemeinn\u00fctzigen Zwecken im Sinne &hellip; <\/p>\n<p class=\"link-more\"><a href=\"https:\/\/www.regio-big-band.de\/?page_id=53\" class=\"more-link\"><span class=\"screen-reader-text\">\u201eImpressum\u201c <\/span>weiterlesen<\/a><\/p>\n","protected":false},"author":1,"featured_media":0,"parent":0,"menu_order":0,"comment_status":"closed","ping_status":"closed","template":"","meta":{"footnotes":""},"class_list":["post-53","page","type-page","status-publish","hentry"],"_links":{"self":[{"href":"https:\/\/www.regio-big-band.de\/index.php?rest_route=\/wp\/v2\/pages\/53","targetHints":{"allow":["GET"]}}],"collection":[{"href":"https:\/\/www.regio-big-band.de\/index.php?rest_route=\/wp\/v2\/pages"}],"about":[{"href":"https:\/\/www.regio-big-band.de\/index.php?rest_route=\/wp\/v2\/types\/page"}],"author":[{"embeddable":true,"href":"https:\/\/www.regio-big-band.de\/index.php?rest_route=\/wp\/v2\/users\/1"}],"replies":[{"embeddable":true,"href":"https:\/\/www.regio-big-band.de\/index.php?rest_route=%2Fwp%2Fv2%2Fcomments&post=53"}],"version-history":[{"count":4,"href":"https:\/\/www.regio-big-band.de\/index.php?rest_route=\/wp\/v2\/pages\/53\/revisions"}],"predecessor-version":[{"id":294,"href":"https:\/\/www.regio-big-band.de\/index.php?rest_route=\/wp\/v2\/pages\/53\/revisions\/294"}],"wp:attachment":[{"href":"https:\/\/www.regio-big-band.de\/index.php?rest_route=%2Fwp%2Fv2%2Fmedia&parent=53"}],"curies":[{"name":"wp","href":"https:\/\/api.w.org\/{rel}","templated":true}]}}