{"id":5,"date":"2021-06-03T14:20:44","date_gmt":"2021-06-03T12:20:44","guid":{"rendered":"http:\/\/192.168.0.78\/?page_id=5"},"modified":"2026-04-29T21:46:49","modified_gmt":"2026-04-29T19:46:49","slug":"gestalte-deine-website-mit-bloecken","status":"publish","type":"page","link":"https:\/\/www.regio-big-band.de\/","title":{"rendered":"Wir sind die Regio Big Band"},"content":{"rendered":"\n<h2 class=\"wp-block-heading alignwide has-text-align-wide has-gigantic-font-size\" style=\"line-height:1.1\">Jazz, Swing, Pop und mehr<\/h2>\n\n\n\n<div style=\"height:100px\" aria-hidden=\"true\" class=\"wp-block-spacer\"><\/div>\n\n\n\n<div class=\"wp-block-columns alignwide are-vertically-aligned-center is-style-twentytwentyone-columns-overlap is-layout-flex wp-container-core-columns-is-layout-9d6595d7 wp-block-columns-is-layout-flex\">\n<div class=\"wp-block-column is-vertically-aligned-center is-layout-flow wp-block-column-is-layout-flow\">\n<figure class=\"wp-block-image alignfull size-large\"><img loading=\"lazy\" decoding=\"async\" width=\"1024\" height=\"683\" src=\"https:\/\/www.regio-big-band.de\/wp-content\/uploads\/2021\/06\/Steinkreis-small-1024x683.jpg\" alt=\"\" class=\"wp-image-66\" srcset=\"https:\/\/www.regio-big-band.de\/wp-content\/uploads\/2021\/06\/Steinkreis-small-1024x683.jpg 1024w, https:\/\/www.regio-big-band.de\/wp-content\/uploads\/2021\/06\/Steinkreis-small-300x200.jpg 300w, https:\/\/www.regio-big-band.de\/wp-content\/uploads\/2021\/06\/Steinkreis-small-768x512.jpg 768w, https:\/\/www.regio-big-band.de\/wp-content\/uploads\/2021\/06\/Steinkreis-small-1536x1024.jpg 1536w, https:\/\/www.regio-big-band.de\/wp-content\/uploads\/2021\/06\/Steinkreis-small.jpg 1920w\" sizes=\"auto, (max-width: 767px) 89vw, (max-width: 1000px) 54vw, (max-width: 1071px) 543px, 580px\" \/><\/figure>\n\n\n\n<div style=\"height:100px\" aria-hidden=\"true\" class=\"wp-block-spacer\"><\/div>\n\n\n\n<figure class=\"wp-block-image alignfull size-large is-style-twentytwentyone-image-frame\"><img loading=\"lazy\" decoding=\"async\" width=\"1024\" height=\"683\" src=\"https:\/\/www.regio-big-band.de\/wp-content\/uploads\/2021\/09\/DSC_9293c-1024x683.jpg\" alt=\"\" class=\"wp-image-132\" srcset=\"https:\/\/www.regio-big-band.de\/wp-content\/uploads\/2021\/09\/DSC_9293c-1024x683.jpg 1024w, https:\/\/www.regio-big-band.de\/wp-content\/uploads\/2021\/09\/DSC_9293c-300x200.jpg 300w, https:\/\/www.regio-big-band.de\/wp-content\/uploads\/2021\/09\/DSC_9293c-768x512.jpg 768w, https:\/\/www.regio-big-band.de\/wp-content\/uploads\/2021\/09\/DSC_9293c-1536x1024.jpg 1536w, https:\/\/www.regio-big-band.de\/wp-content\/uploads\/2021\/09\/DSC_9293c-2048x1365.jpg 2048w\" sizes=\"auto, (max-width: 767px) 89vw, (max-width: 1000px) 54vw, (max-width: 1071px) 543px, 580px\" \/><\/figure>\n<\/div>\n\n\n\n<div class=\"wp-block-column is-vertically-aligned-center is-layout-flow wp-block-column-is-layout-flow\">\n<div style=\"height:100px\" aria-hidden=\"true\" class=\"wp-block-spacer\"><\/div>\n\n\n\n<figure class=\"wp-block-image size-full is-resized alignfull is-style-twentytwentyone-border\"><img loading=\"lazy\" decoding=\"async\" width=\"640\" height=\"640\" src=\"https:\/\/www.regio-big-band.de\/wp-content\/uploads\/2021\/06\/56563254_807611799616825_7408173739210178560_n.jpg\" alt=\"\" class=\"wp-image-70\" style=\"width:321px;height:321px\" srcset=\"https:\/\/www.regio-big-band.de\/wp-content\/uploads\/2021\/06\/56563254_807611799616825_7408173739210178560_n.jpg 640w, https:\/\/www.regio-big-band.de\/wp-content\/uploads\/2021\/06\/56563254_807611799616825_7408173739210178560_n-300x300.jpg 300w, https:\/\/www.regio-big-band.de\/wp-content\/uploads\/2021\/06\/56563254_807611799616825_7408173739210178560_n-150x150.jpg 150w, https:\/\/www.regio-big-band.de\/wp-content\/uploads\/2021\/06\/56563254_807611799616825_7408173739210178560_n-100x100.jpg 100w\" sizes=\"auto, (max-width: 640px) 100vw, 640px\" \/><\/figure>\n\n\n\n<div class=\"wp-block-group\"><div class=\"wp-block-group__inner-container is-layout-flow wp-block-group-is-layout-flow\">\n<div class=\"wp-block-columns is-layout-flex wp-container-core-columns-is-layout-9d6595d7 wp-block-columns-is-layout-flex\">\n<div class=\"wp-block-column is-layout-flow wp-block-column-is-layout-flow\" style=\"flex-basis:100%\"><\/div>\n<\/div>\n<\/div><\/div>\n<\/div>\n<\/div>\n\n\n\n<div style=\"height:50px\" aria-hidden=\"true\" class=\"wp-block-spacer\"><\/div>\n\n\n\n<hr class=\"wp-block-separator has-css-opacity\"\/>\n\n\n\n<h2 class=\"wp-block-heading\">News<\/h2>\n\n\n\n<div class=\"wp-block-columns are-vertically-aligned-top is-layout-flex wp-container-core-columns-is-layout-9d6595d7 wp-block-columns-is-layout-flex\">\n<div class=\"wp-block-column is-vertically-aligned-top is-layout-flow wp-block-column-is-layout-flow\" style=\"flex-basis:100%\">\n<div class=\"wp-block-group\"><div class=\"wp-block-group__inner-container is-layout-flow wp-block-group-is-layout-flow\"><ul class=\"wp-block-latest-posts__list has-dates wp-block-latest-posts\"><li><div class=\"wp-block-latest-posts__featured-image\"><img loading=\"lazy\" decoding=\"async\" width=\"800\" height=\"305\" src=\"https:\/\/www.regio-big-band.de\/wp-content\/uploads\/2026\/01\/2026-Konzert-TalesOfWonder-Banner-800x305.png\" class=\"attachment-medium size-medium wp-post-image\" alt=\"\" style=\"\" srcset=\"https:\/\/www.regio-big-band.de\/wp-content\/uploads\/2026\/01\/2026-Konzert-TalesOfWonder-Banner-800x305.png 800w, https:\/\/www.regio-big-band.de\/wp-content\/uploads\/2026\/01\/2026-Konzert-TalesOfWonder-Banner-1280x488.png 1280w, https:\/\/www.regio-big-band.de\/wp-content\/uploads\/2026\/01\/2026-Konzert-TalesOfWonder-Banner-400x152.png 400w, https:\/\/www.regio-big-band.de\/wp-content\/uploads\/2026\/01\/2026-Konzert-TalesOfWonder-Banner-768x293.png 768w, https:\/\/www.regio-big-band.de\/wp-content\/uploads\/2026\/01\/2026-Konzert-TalesOfWonder-Banner.png 1448w\" sizes=\"auto, 100vw\" \/><\/div><a class=\"wp-block-latest-posts__post-title\" href=\"https:\/\/www.regio-big-band.de\/?p=431\">Regio Big Band &#8211; Tales of Wonder @ F\u00f6rdermaschinenhaus Alsdorf &#8211; 25. April 2026<\/a><time datetime=\"2026-01-13T21:23:18+01:00\" class=\"wp-block-latest-posts__post-date\">13. Januar 2026<\/time><div class=\"wp-block-latest-posts__post-excerpt\">Am Samstag, den 25.04.2026, l\u00e4dt die Regio Big Band herzlich zu ihrem diesj\u00e4hrigen Fr\u00fchlingskonzert unter dem Motto &#8222;Tales of Wonder&#8220; ein. In der besonderen Kulisse des F\u00f6rdermaschinenhauses im Energeticon Alsdorf &hellip; <p class=\"link-more\"><a href=\"https:\/\/www.regio-big-band.de\/?p=431\" class=\"more-link\"><span class=\"screen-reader-text\">\u201eRegio Big Band &#8211; Tales of Wonder @ F\u00f6rdermaschinenhaus Alsdorf &#8211; 25. April 2026\u201c <\/span>weiterlesen<\/a><\/p><\/div><\/li>\n<li><div class=\"wp-block-latest-posts__featured-image\"><img loading=\"lazy\" decoding=\"async\" width=\"800\" height=\"182\" src=\"https:\/\/www.regio-big-band.de\/wp-content\/uploads\/2025\/11\/Plakat-2025-12-Banner-800x182.png\" class=\"attachment-medium size-medium wp-post-image\" alt=\"\" style=\"\" srcset=\"https:\/\/www.regio-big-band.de\/wp-content\/uploads\/2025\/11\/Plakat-2025-12-Banner-800x182.png 800w, https:\/\/www.regio-big-band.de\/wp-content\/uploads\/2025\/11\/Plakat-2025-12-Banner-400x91.png 400w, https:\/\/www.regio-big-band.de\/wp-content\/uploads\/2025\/11\/Plakat-2025-12-Banner-768x174.png 768w, https:\/\/www.regio-big-band.de\/wp-content\/uploads\/2025\/11\/Plakat-2025-12-Banner.png 1145w\" sizes=\"auto, 100vw\" \/><\/div><a class=\"wp-block-latest-posts__post-title\" href=\"https:\/\/www.regio-big-band.de\/?p=421\">Regio Big Band Weihnachtskonzert am So. 14.12.2025 17:00 Uhr<\/a><time datetime=\"2025-11-01T15:46:36+01:00\" class=\"wp-block-latest-posts__post-date\">1. November 2025<\/time><div class=\"wp-block-latest-posts__post-excerpt\">Am 14.12.2025 um 17:00 Uhr veranstalten wir in der Burg Baesweiler unser diesj\u00e4hriges Weihnachtskonzert. Unter dem Motto &#8222;Klingt nach Weihnachten &#8211; klingt nach Bigband!&#8220; pr\u00e4sentieren wir echte Weihnachtsklassiker mit echtem &hellip; <p class=\"link-more\"><a href=\"https:\/\/www.regio-big-band.de\/?p=421\" class=\"more-link\"><span class=\"screen-reader-text\">\u201eRegio Big Band Weihnachtskonzert am So. 14.12.2025 17:00 Uhr\u201c <\/span>weiterlesen<\/a><\/p><\/div><\/li>\n<li><div class=\"wp-block-latest-posts__featured-image\"><img loading=\"lazy\" decoding=\"async\" width=\"800\" height=\"253\" src=\"https:\/\/www.regio-big-band.de\/wp-content\/uploads\/2025\/07\/Banner-mit-Leitung-800x253.png\" class=\"attachment-medium size-medium wp-post-image\" alt=\"\" style=\"\" srcset=\"https:\/\/www.regio-big-band.de\/wp-content\/uploads\/2025\/07\/Banner-mit-Leitung-800x253.png 800w, https:\/\/www.regio-big-band.de\/wp-content\/uploads\/2025\/07\/Banner-mit-Leitung-400x126.png 400w, https:\/\/www.regio-big-band.de\/wp-content\/uploads\/2025\/07\/Banner-mit-Leitung-768x243.png 768w, https:\/\/www.regio-big-band.de\/wp-content\/uploads\/2025\/07\/Banner-mit-Leitung.png 1079w\" sizes=\"auto, 100vw\" \/><\/div><a class=\"wp-block-latest-posts__post-title\" href=\"https:\/\/www.regio-big-band.de\/?p=400\">Regio Big Band @AachenSeptemberSpecial Sa. 20.09.2025 13:00 Uhr<\/a><time datetime=\"2025-07-24T20:15:47+02:00\" class=\"wp-block-latest-posts__post-date\">24. Juli 2025<\/time><div class=\"wp-block-latest-posts__post-excerpt\">Am Sa. dem 20.09.2025 d\u00fcrfen wir um 13:00 Uhr beim Aachen September Special im Elisengarten auftreten. Wir werden unter der Leitung von Thomas Lehnen ca. eine Stunde lang einen Querschnitt &hellip; <p class=\"link-more\"><a href=\"https:\/\/www.regio-big-band.de\/?p=400\" class=\"more-link\"><span class=\"screen-reader-text\">\u201eRegio Big Band @AachenSeptemberSpecial Sa. 20.09.2025 13:00 Uhr\u201c <\/span>weiterlesen<\/a><\/p><\/div><\/li>\n<li><div class=\"wp-block-latest-posts__featured-image\"><img loading=\"lazy\" decoding=\"async\" width=\"800\" height=\"210\" src=\"https:\/\/www.regio-big-band.de\/wp-content\/uploads\/2025\/04\/Ritmo-Latino-Banner-1-800x210.png\" class=\"attachment-medium size-medium wp-post-image\" alt=\"\" style=\"\" srcset=\"https:\/\/www.regio-big-band.de\/wp-content\/uploads\/2025\/04\/Ritmo-Latino-Banner-1-800x210.png 800w, https:\/\/www.regio-big-band.de\/wp-content\/uploads\/2025\/04\/Ritmo-Latino-Banner-1-1280x336.png 1280w, https:\/\/www.regio-big-band.de\/wp-content\/uploads\/2025\/04\/Ritmo-Latino-Banner-1-400x105.png 400w, https:\/\/www.regio-big-band.de\/wp-content\/uploads\/2025\/04\/Ritmo-Latino-Banner-1-768x202.png 768w, https:\/\/www.regio-big-band.de\/wp-content\/uploads\/2025\/04\/Ritmo-Latino-Banner-1-1536x404.png 1536w, https:\/\/www.regio-big-band.de\/wp-content\/uploads\/2025\/04\/Ritmo-Latino-Banner-1.png 1789w\" sizes=\"auto, 100vw\" \/><\/div><a class=\"wp-block-latest-posts__post-title\" href=\"https:\/\/www.regio-big-band.de\/?p=390\">Konzert am Sa. 03.05.2025 im F\u00f6rdermaschinenhaus des Energeticon Alsdorf<\/a><time datetime=\"2025-04-15T08:14:37+02:00\" class=\"wp-block-latest-posts__post-date\">15. April 2025<\/time><div class=\"wp-block-latest-posts__post-excerpt\">Ritmo Latino Unter diesem Motto laden wir am Samstag 03. Mai 2025 um 19:00 Uhr zu unserem Konzert ins F\u00f6rdermaschinenhaus Alsdorf ein. Als besonderen Gast bringen wir an diesem Abend &hellip; <p class=\"link-more\"><a href=\"https:\/\/www.regio-big-band.de\/?p=390\" class=\"more-link\"><span class=\"screen-reader-text\">\u201eKonzert am Sa. 03.05.2025 im F\u00f6rdermaschinenhaus des Energeticon Alsdorf\u201c <\/span>weiterlesen<\/a><\/p><\/div><\/li>\n<li><div class=\"wp-block-latest-posts__featured-image\"><img loading=\"lazy\" decoding=\"async\" width=\"800\" height=\"366\" src=\"https:\/\/www.regio-big-band.de\/wp-content\/uploads\/2024\/10\/Banner-Weihnachtskonzert-2024-800x366.png\" class=\"attachment-medium size-medium wp-post-image\" alt=\"\" style=\"\" srcset=\"https:\/\/www.regio-big-band.de\/wp-content\/uploads\/2024\/10\/Banner-Weihnachtskonzert-2024-800x366.png 800w, https:\/\/www.regio-big-band.de\/wp-content\/uploads\/2024\/10\/Banner-Weihnachtskonzert-2024-400x183.png 400w, https:\/\/www.regio-big-band.de\/wp-content\/uploads\/2024\/10\/Banner-Weihnachtskonzert-2024-768x351.png 768w, https:\/\/www.regio-big-band.de\/wp-content\/uploads\/2024\/10\/Banner-Weihnachtskonzert-2024.png 1145w\" sizes=\"auto, 100vw\" \/><\/div><a class=\"wp-block-latest-posts__post-title\" href=\"https:\/\/www.regio-big-band.de\/?p=382\">Weihnachtskonzert am So. 15.12.2024 in der Burg Baesweiler<\/a><time datetime=\"2024-10-28T21:48:00+01:00\" class=\"wp-block-latest-posts__post-date\">28. Oktober 2024<\/time><div class=\"wp-block-latest-posts__post-excerpt\">Am 15. Dezember 2024 um 17:00 Uhr laden wir zum Weihnachtskonzert in die Burg Baesweiler ein. Wir werden sowohl besinnliche Kl\u00e4nge als auch teils auch fetzige Interpretation bekannter Weihnachtsklassiker zum &hellip; <p class=\"link-more\"><a href=\"https:\/\/www.regio-big-band.de\/?p=382\" class=\"more-link\"><span class=\"screen-reader-text\">\u201eWeihnachtskonzert am So. 15.12.2024 in der Burg Baesweiler\u201c <\/span>weiterlesen<\/a><\/p><\/div><\/li>\n<\/ul><\/div><\/div>\n<\/div>\n<\/div>\n\n\n\n<div style=\"height:100px\" aria-hidden=\"true\" class=\"wp-block-spacer\"><\/div>\n\n\n\n<hr class=\"wp-block-separator has-alpha-channel-opacity\"\/>\n\n\n\n<h2 class=\"wp-block-heading\">Wie kann ich die Musikinitiative Grenzland e.V. unterst\u00fctzen?<\/h2>\n\n\n\n<div class=\"wp-block-group\"><div class=\"wp-block-group__inner-container is-layout-flow wp-block-group-is-layout-flow\">\n<p>Wenn Sie uns mit einer regelm\u00e4\u00dfigen Spende unterst\u00fctzen m\u00f6chten, k\u00f6nnen Sie F\u00f6rdermitglied werden:<br> <\/p>\n\n\n\n<div class=\"wp-block-file\"><a id=\"wp-block-file--media-e55c7283-a3a8-457e-913d-bd356f85b7e1\" href=\"https:\/\/www.regio-big-band.de\/wp-content\/uploads\/2026\/04\/Beitrittserklaerung.pdf\">Beitrittserkl\u00e4rung<\/a><a href=\"https:\/\/www.regio-big-band.de\/wp-content\/uploads\/2026\/04\/Beitrittserklaerung.pdf\" class=\"wp-block-file__button wp-element-button\" download aria-describedby=\"wp-block-file--media-e55c7283-a3a8-457e-913d-bd356f85b7e1\">Herunterladen<\/a><\/div>\n<\/div><\/div>\n\n\n\n<div style=\"height:100px\" aria-hidden=\"true\" class=\"wp-block-spacer\"><\/div>\n\n\n\n<hr class=\"wp-block-separator has-alpha-channel-opacity\"\/>\n\n\n\n<h2 class=\"wp-block-heading\">Unterst\u00fctzt durch&#8230;<\/h2>\n\n\n\n<figure class=\"wp-block-gallery has-nested-images columns-4 wp-block-gallery-1 is-layout-flex wp-block-gallery-is-layout-flex\">\n<figure class=\"wp-block-image size-large\"><a href=\"https:\/\/kulturstaatsministerin.de\"><img loading=\"lazy\" decoding=\"async\" width=\"1280\" height=\"720\" data-id=\"273\" src=\"https:\/\/www.regio-big-band.de\/wp-content\/uploads\/2022\/10\/BKM_RGB_weiss-1280x720.jpg\" alt=\"\" class=\"wp-image-273\" srcset=\"https:\/\/www.regio-big-band.de\/wp-content\/uploads\/2022\/10\/BKM_RGB_weiss-1280x720.jpg 1280w, https:\/\/www.regio-big-band.de\/wp-content\/uploads\/2022\/10\/BKM_RGB_weiss-800x450.jpg 800w, https:\/\/www.regio-big-band.de\/wp-content\/uploads\/2022\/10\/BKM_RGB_weiss-400x225.jpg 400w, https:\/\/www.regio-big-band.de\/wp-content\/uploads\/2022\/10\/BKM_RGB_weiss-768x432.jpg 768w, https:\/\/www.regio-big-band.de\/wp-content\/uploads\/2022\/10\/BKM_RGB_weiss-1536x864.jpg 1536w, https:\/\/www.regio-big-band.de\/wp-content\/uploads\/2022\/10\/BKM_RGB_weiss.jpg 1746w\" sizes=\"auto, (max-width: 767px) 89vw, (max-width: 1000px) 54vw, (max-width: 1071px) 543px, 580px\" \/><\/a><\/figure>\n\n\n\n<figure class=\"wp-block-image size-large\"><a href=\"https:\/\/impuls.bundesmusikverband.de\"><img loading=\"lazy\" decoding=\"async\" width=\"1280\" height=\"380\" data-id=\"272\" src=\"https:\/\/www.regio-big-band.de\/wp-content\/uploads\/2022\/10\/BMCO_Impuls_Logo_RGB-1280x380.png\" alt=\"\" class=\"wp-image-272\" srcset=\"https:\/\/www.regio-big-band.de\/wp-content\/uploads\/2022\/10\/BMCO_Impuls_Logo_RGB-1280x380.png 1280w, https:\/\/www.regio-big-band.de\/wp-content\/uploads\/2022\/10\/BMCO_Impuls_Logo_RGB-800x238.png 800w, https:\/\/www.regio-big-band.de\/wp-content\/uploads\/2022\/10\/BMCO_Impuls_Logo_RGB-400x119.png 400w, https:\/\/www.regio-big-band.de\/wp-content\/uploads\/2022\/10\/BMCO_Impuls_Logo_RGB-768x228.png 768w, https:\/\/www.regio-big-band.de\/wp-content\/uploads\/2022\/10\/BMCO_Impuls_Logo_RGB-1536x456.png 1536w, https:\/\/www.regio-big-band.de\/wp-content\/uploads\/2022\/10\/BMCO_Impuls_Logo_RGB-2048x609.png 2048w\" sizes=\"auto, (max-width: 767px) 89vw, (max-width: 1000px) 54vw, (max-width: 1071px) 543px, 580px\" \/><\/a><\/figure>\n\n\n\n<figure class=\"wp-block-image size-large\"><a href=\"https:\/\/bundesmusikverband.de\"><img loading=\"lazy\" decoding=\"async\" width=\"1193\" height=\"354\" data-id=\"271\" src=\"https:\/\/www.regio-big-band.de\/wp-content\/uploads\/2022\/10\/BMCO_Logo_RGB.png\" alt=\"\" class=\"wp-image-271\" srcset=\"https:\/\/www.regio-big-band.de\/wp-content\/uploads\/2022\/10\/BMCO_Logo_RGB.png 1193w, https:\/\/www.regio-big-band.de\/wp-content\/uploads\/2022\/10\/BMCO_Logo_RGB-800x237.png 800w, https:\/\/www.regio-big-band.de\/wp-content\/uploads\/2022\/10\/BMCO_Logo_RGB-400x119.png 400w, https:\/\/www.regio-big-band.de\/wp-content\/uploads\/2022\/10\/BMCO_Logo_RGB-768x228.png 768w\" sizes=\"auto, (max-width: 767px) 89vw, (max-width: 1000px) 54vw, (max-width: 1071px) 543px, 580px\" \/><\/a><\/figure>\n\n\n\n<figure class=\"wp-block-image size-large\"><a href=\"https:\/\/bundesregierung.de\/breg-de\/bundesregierung\/staatsministerin-fuer-kultur[1]und-medien\/neustart-kultur-startet-\"><img loading=\"lazy\" decoding=\"async\" width=\"591\" height=\"591\" data-id=\"270\" src=\"https:\/\/www.regio-big-band.de\/wp-content\/uploads\/2022\/10\/Neustart-Kultur_RGB_weiss.jpg\" alt=\"\" class=\"wp-image-270\" srcset=\"https:\/\/www.regio-big-band.de\/wp-content\/uploads\/2022\/10\/Neustart-Kultur_RGB_weiss.jpg 591w, https:\/\/www.regio-big-band.de\/wp-content\/uploads\/2022\/10\/Neustart-Kultur_RGB_weiss-400x400.jpg 400w, https:\/\/www.regio-big-band.de\/wp-content\/uploads\/2022\/10\/Neustart-Kultur_RGB_weiss-100x100.jpg 100w\" sizes=\"auto, (max-width: 591px) 100vw, 591px\" \/><\/a><\/figure>\n<figcaption class=\"blocks-gallery-caption\"><em>Gef\u00f6rdert durch das F\u00f6rderprogramm <a rel=\"noreferrer noopener\" href=\"https:\/\/impuls.bundesmusikverband.de\/\" target=\"_blank\">Neustart Kultur \u201eImpuls\u201c<\/a> des Bundesmusikverbandses f\u00fcr Chor und Orchester<\/em>.<\/figcaption><\/figure>\n","protected":false},"excerpt":{"rendered":"<p>Jazz, Swing, Pop und mehr News Wie kann ich die Musikinitiative Grenzland e.V. unterst\u00fctzen? Wenn Sie uns mit einer regelm\u00e4\u00dfigen Spende unterst\u00fctzen m\u00f6chten, k\u00f6nnen Sie F\u00f6rdermitglied werden: Unterst\u00fctzt durch&#8230;<\/p>\n","protected":false},"author":1,"featured_media":409,"parent":0,"menu_order":0,"comment_status":"closed","ping_status":"closed","template":"","meta":{"footnotes":""},"class_list":["post-5","page","type-page","status-publish","has-post-thumbnail","hentry"],"_links":{"self":[{"href":"https:\/\/www.regio-big-band.de\/index.php?rest_route=\/wp\/v2\/pages\/5","targetHints":{"allow":["GET"]}}],"collection":[{"href":"https:\/\/www.regio-big-band.de\/index.php?rest_route=\/wp\/v2\/pages"}],"about":[{"href":"https:\/\/www.regio-big-band.de\/index.php?rest_route=\/wp\/v2\/types\/page"}],"author":[{"embeddable":true,"href":"https:\/\/www.regio-big-band.de\/index.php?rest_route=\/wp\/v2\/users\/1"}],"replies":[{"embeddable":true,"href":"https:\/\/www.regio-big-band.de\/index.php?rest_route=%2Fwp%2Fv2%2Fcomments&post=5"}],"version-history":[{"count":33,"href":"https:\/\/www.regio-big-band.de\/index.php?rest_route=\/wp\/v2\/pages\/5\/revisions"}],"predecessor-version":[{"id":458,"href":"https:\/\/www.regio-big-band.de\/index.php?rest_route=\/wp\/v2\/pages\/5\/revisions\/458"}],"wp:featuredmedia":[{"embeddable":true,"href":"https:\/\/www.regio-big-band.de\/index.php?rest_route=\/wp\/v2\/media\/409"}],"wp:attachment":[{"href":"https:\/\/www.regio-big-band.de\/index.php?rest_route=%2Fwp%2Fv2%2Fmedia&parent=5"}],"curies":[{"name":"wp","href":"https:\/\/api.w.org\/{rel}","templated":true}]}}